{"id":9,"date":"2021-03-15T09:15:24","date_gmt":"2021-03-15T08:15:24","guid":{"rendered":"http:\/\/apaindb.cluster030.hosting.ovh.net\/?page_id=9"},"modified":"2023-06-21T16:23:52","modified_gmt":"2023-06-21T14:23:52","slug":"boulangerie-bio-belley-pains-vegan-vrac","status":"publish","type":"page","link":"https:\/\/apaindeloup.fr\/index.php\/boulangerie-bio-belley-pains-vegan-vrac\/","title":{"rendered":"Pains &#038; Compagnie"},"content":{"rendered":"\n<div style=\"height:36px\" aria-hidden=\"true\" class=\"wp-block-spacer\"><\/div>\n\n\n\n<p>Pour consulter la liste des allerg\u00e8nes, rendez vous \u00e0 la page <strong><a href=\"https:\/\/apaindeloup.fr\/index.php\/boulangerie-bio-belley-qualite-saveur-ain\/\">qualit\u00e9<\/a><\/strong> !<\/p>\n\n\n\n<div class=\"wp-block-columns is-layout-flex wp-container-core-columns-is-layout-9d6595d7 wp-block-columns-is-layout-flex\">\n<div class=\"wp-block-column is-vertically-aligned-top is-layout-flow wp-block-column-is-layout-flow\">\n<div class=\"wp-block-columns is-layout-flex wp-container-core-columns-is-layout-9d6595d7 wp-block-columns-is-layout-flex\">\n<div class=\"wp-block-column is-layout-flow wp-block-column-is-layout-flow\">\n<div class=\"wp-block-columns is-layout-flex wp-container-core-columns-is-layout-9d6595d7 wp-block-columns-is-layout-flex\">\n<div class=\"wp-block-column is-layout-flow wp-block-column-is-layout-flow\"><div class=\"wp-block-image\">\n<figure class=\"aligncenter size-full\"><a href=\"https:\/\/apaindeloup.fr\/index.php\/artisan-boulanger-bio-belley-pains\/\"><img loading=\"lazy\" decoding=\"async\" width=\"400\" height=\"400\" src=\"https:\/\/apaindeloup.fr\/wp-content\/uploads\/2023\/02\/laintourneselo.jpg\" alt=\"\" class=\"wp-image-2074\" srcset=\"https:\/\/apaindeloup.fr\/wp-content\/uploads\/2023\/02\/laintourneselo.jpg 400w, https:\/\/apaindeloup.fr\/wp-content\/uploads\/2023\/02\/laintourneselo-300x300.jpg 300w, https:\/\/apaindeloup.fr\/wp-content\/uploads\/2023\/02\/laintourneselo-150x150.jpg 150w\" sizes=\"auto, (max-width: 400px) 100vw, 400px\" \/><\/a><figcaption><strong>PAINS<\/strong><\/figcaption><\/figure>\n<\/div><\/div>\n\n\n\n<div class=\"wp-block-column is-vertically-aligned-top is-layout-flow wp-block-column-is-layout-flow\"><div class=\"wp-block-image\">\n<figure class=\"aligncenter size-full\"><a href=\"https:\/\/apaindeloup.fr\/index.php\/artisan-boulanger-bio-belley-gourmandises-vegan\/\"><img loading=\"lazy\" decoding=\"async\" width=\"400\" height=\"400\" src=\"https:\/\/apaindeloup.fr\/wp-content\/uploads\/2023\/02\/babka-cleme-1.jpg\" alt=\"\" class=\"wp-image-2073\" srcset=\"https:\/\/apaindeloup.fr\/wp-content\/uploads\/2023\/02\/babka-cleme-1.jpg 400w, https:\/\/apaindeloup.fr\/wp-content\/uploads\/2023\/02\/babka-cleme-1-300x300.jpg 300w, https:\/\/apaindeloup.fr\/wp-content\/uploads\/2023\/02\/babka-cleme-1-150x150.jpg 150w\" sizes=\"auto, (max-width: 400px) 100vw, 400px\" \/><\/a><figcaption><strong>GOURMANDISES<\/strong><\/figcaption><\/figure>\n<\/div><\/div>\n\n\n\n<div class=\"wp-block-column is-layout-flow wp-block-column-is-layout-flow\"><div class=\"wp-block-image\">\n<figure class=\"aligncenter size-full\"><a href=\"https:\/\/apaindeloup.fr\/index.php\/boulangerie-bio-artisanl-belley-vrac\/\"><img loading=\"lazy\" decoding=\"async\" width=\"400\" height=\"400\" src=\"https:\/\/apaindeloup.fr\/wp-content\/uploads\/2021\/08\/courge-1.jpg\" alt=\"\" class=\"wp-image-1045\" srcset=\"https:\/\/apaindeloup.fr\/wp-content\/uploads\/2021\/08\/courge-1.jpg 400w, https:\/\/apaindeloup.fr\/wp-content\/uploads\/2021\/08\/courge-1-300x300.jpg 300w, https:\/\/apaindeloup.fr\/wp-content\/uploads\/2021\/08\/courge-1-150x150.jpg 150w\" sizes=\"auto, (max-width: 400px) 100vw, 400px\" \/><\/a><figcaption><strong>VRAC &amp; CO.<\/strong><\/figcaption><\/figure>\n<\/div><\/div>\n<\/div>\n<\/div>\n<\/div>\n<\/div>\n<\/div>\n\n\n\n<p class=\"has-medium-font-size\"><\/p>\n","protected":false},"excerpt":{"rendered":"<p>Pour consulter la liste des allerg\u00e8nes, rendez vous \u00e0 la page qualit\u00e9 !<\/p>\n<p> <a class=\"continue-reading-link\" href=\"https:\/\/apaindeloup.fr\/index.php\/boulangerie-bio-belley-pains-vegan-vrac\/\"><span>LIRE PLUS&#8230;<\/span><i class=\"crycon-right-dir\"><\/i><\/a> <\/p>\n","protected":false},"author":1,"featured_media":0,"parent":0,"menu_order":0,"comment_status":"closed","ping_status":"closed","template":"","meta":{"footnotes":""},"class_list":["post-9","page","type-page","status-publish","hentry"],"yoast_head":"<!-- This site is optimized with the Yoast SEO plugin v27.4 - https:\/\/yoast.com\/product\/yoast-seo-wordpress\/ -->\n<title>Boulangerie Bio artisanale \u00e0 Belley. Pains au levain. Produits v\u00e9gan. Vrac.<\/title>\n<meta name=\"description\" content=\"A pain de Loup : boulangerie Bio artisanale \u00e0 Belley, gamme de pains au levain naturel, viennoiseries et biscuits v\u00e9gans, \u00e9picerie vrac.\" \/>\n<meta name=\"robots\" content=\"index, follow, max-snippet:-1, max-image-preview:large, max-video-preview:-1\" \/>\n<link rel=\"canonical\" href=\"https:\/\/apaindeloup.fr\/index.php\/boulangerie-bio-belley-pains-vegan-vrac\/\" \/>\n<meta property=\"og:locale\" content=\"fr_FR\" \/>\n<meta property=\"og:type\" content=\"article\" \/>\n<meta property=\"og:title\" content=\"Boulangerie Bio artisanale \u00e0 Belley. Pains au levain. Produits v\u00e9gan. Vrac.\" \/>\n<meta property=\"og:description\" content=\"A pain de Loup : boulangerie Bio artisanale \u00e0 Belley, gamme de pains au levain naturel, viennoiseries et biscuits v\u00e9gans, \u00e9picerie vrac.\" \/>\n<meta property=\"og:url\" content=\"https:\/\/apaindeloup.fr\/index.php\/boulangerie-bio-belley-pains-vegan-vrac\/\" \/>\n<meta property=\"og:site_name\" content=\"A pain de Loup\" \/>\n<meta property=\"article:modified_time\" content=\"2023-06-21T14:23:52+00:00\" \/>\n<meta property=\"og:image\" content=\"https:\/\/apaindeloup.fr\/wp-content\/uploads\/2023\/02\/laintourneselo.jpg\" \/>\n<meta name=\"twitter:card\" content=\"summary_large_image\" \/>\n<meta name=\"twitter:label1\" content=\"Dur\u00e9e de lecture estim\u00e9e\" \/>\n\t<meta name=\"twitter:data1\" content=\"1 minute\" \/>\n<script type=\"application\/ld+json\" class=\"yoast-schema-graph\">{\"@context\":\"https:\\\/\\\/schema.org\",\"@graph\":[{\"@type\":\"WebPage\",\"@id\":\"https:\\\/\\\/apaindeloup.fr\\\/index.php\\\/boulangerie-bio-belley-pains-vegan-vrac\\\/\",\"url\":\"https:\\\/\\\/apaindeloup.fr\\\/index.php\\\/boulangerie-bio-belley-pains-vegan-vrac\\\/\",\"name\":\"Boulangerie Bio artisanale \u00e0 Belley. Pains au levain. Produits v\u00e9gan. Vrac.\",\"isPartOf\":{\"@id\":\"https:\\\/\\\/apaindeloup.fr\\\/#website\"},\"primaryImageOfPage\":{\"@id\":\"https:\\\/\\\/apaindeloup.fr\\\/index.php\\\/boulangerie-bio-belley-pains-vegan-vrac\\\/#primaryimage\"},\"image\":{\"@id\":\"https:\\\/\\\/apaindeloup.fr\\\/index.php\\\/boulangerie-bio-belley-pains-vegan-vrac\\\/#primaryimage\"},\"thumbnailUrl\":\"https:\\\/\\\/apaindeloup.fr\\\/wp-content\\\/uploads\\\/2023\\\/02\\\/laintourneselo.jpg\",\"datePublished\":\"2021-03-15T08:15:24+00:00\",\"dateModified\":\"2023-06-21T14:23:52+00:00\",\"description\":\"A pain de Loup : boulangerie Bio artisanale \u00e0 Belley, gamme de pains au levain naturel, viennoiseries et biscuits v\u00e9gans, \u00e9picerie vrac.\",\"breadcrumb\":{\"@id\":\"https:\\\/\\\/apaindeloup.fr\\\/index.php\\\/boulangerie-bio-belley-pains-vegan-vrac\\\/#breadcrumb\"},\"inLanguage\":\"fr-FR\",\"potentialAction\":[{\"@type\":\"ReadAction\",\"target\":[\"https:\\\/\\\/apaindeloup.fr\\\/index.php\\\/boulangerie-bio-belley-pains-vegan-vrac\\\/\"]}]},{\"@type\":\"ImageObject\",\"inLanguage\":\"fr-FR\",\"@id\":\"https:\\\/\\\/apaindeloup.fr\\\/index.php\\\/boulangerie-bio-belley-pains-vegan-vrac\\\/#primaryimage\",\"url\":\"https:\\\/\\\/apaindeloup.fr\\\/wp-content\\\/uploads\\\/2023\\\/02\\\/laintourneselo.jpg\",\"contentUrl\":\"https:\\\/\\\/apaindeloup.fr\\\/wp-content\\\/uploads\\\/2023\\\/02\\\/laintourneselo.jpg\",\"width\":400,\"height\":400},{\"@type\":\"BreadcrumbList\",\"@id\":\"https:\\\/\\\/apaindeloup.fr\\\/index.php\\\/boulangerie-bio-belley-pains-vegan-vrac\\\/#breadcrumb\",\"itemListElement\":[{\"@type\":\"ListItem\",\"position\":1,\"name\":\"Accueil\",\"item\":\"https:\\\/\\\/apaindeloup.fr\\\/\"},{\"@type\":\"ListItem\",\"position\":2,\"name\":\"Pains &#038; Compagnie\"}]},{\"@type\":\"WebSite\",\"@id\":\"https:\\\/\\\/apaindeloup.fr\\\/#website\",\"url\":\"https:\\\/\\\/apaindeloup.fr\\\/\",\"name\":\"A pain de Loup\",\"description\":\"pain au levain sauvage\",\"potentialAction\":[{\"@type\":\"SearchAction\",\"target\":{\"@type\":\"EntryPoint\",\"urlTemplate\":\"https:\\\/\\\/apaindeloup.fr\\\/?s={search_term_string}\"},\"query-input\":{\"@type\":\"PropertyValueSpecification\",\"valueRequired\":true,\"valueName\":\"search_term_string\"}}],\"inLanguage\":\"fr-FR\"}]}<\/script>\n<!-- \/ Yoast SEO plugin. -->","yoast_head_json":{"title":"Boulangerie Bio artisanale \u00e0 Belley. Pains au levain. Produits v\u00e9gan. Vrac.","description":"A pain de Loup : boulangerie Bio artisanale \u00e0 Belley, gamme de pains au levain naturel, viennoiseries et biscuits v\u00e9gans, \u00e9picerie vrac.","robots":{"index":"index","follow":"follow","max-snippet":"max-snippet:-1","max-image-preview":"max-image-preview:large","max-video-preview":"max-video-preview:-1"},"canonical":"https:\/\/apaindeloup.fr\/index.php\/boulangerie-bio-belley-pains-vegan-vrac\/","og_locale":"fr_FR","og_type":"article","og_title":"Boulangerie Bio artisanale \u00e0 Belley. Pains au levain. Produits v\u00e9gan. Vrac.","og_description":"A pain de Loup : boulangerie Bio artisanale \u00e0 Belley, gamme de pains au levain naturel, viennoiseries et biscuits v\u00e9gans, \u00e9picerie vrac.","og_url":"https:\/\/apaindeloup.fr\/index.php\/boulangerie-bio-belley-pains-vegan-vrac\/","og_site_name":"A pain de Loup","article_modified_time":"2023-06-21T14:23:52+00:00","og_image":[{"url":"https:\/\/apaindeloup.fr\/wp-content\/uploads\/2023\/02\/laintourneselo.jpg","type":"","width":"","height":""}],"twitter_card":"summary_large_image","twitter_misc":{"Dur\u00e9e de lecture estim\u00e9e":"1 minute"},"schema":{"@context":"https:\/\/schema.org","@graph":[{"@type":"WebPage","@id":"https:\/\/apaindeloup.fr\/index.php\/boulangerie-bio-belley-pains-vegan-vrac\/","url":"https:\/\/apaindeloup.fr\/index.php\/boulangerie-bio-belley-pains-vegan-vrac\/","name":"Boulangerie Bio artisanale \u00e0 Belley. Pains au levain. Produits v\u00e9gan. Vrac.","isPartOf":{"@id":"https:\/\/apaindeloup.fr\/#website"},"primaryImageOfPage":{"@id":"https:\/\/apaindeloup.fr\/index.php\/boulangerie-bio-belley-pains-vegan-vrac\/#primaryimage"},"image":{"@id":"https:\/\/apaindeloup.fr\/index.php\/boulangerie-bio-belley-pains-vegan-vrac\/#primaryimage"},"thumbnailUrl":"https:\/\/apaindeloup.fr\/wp-content\/uploads\/2023\/02\/laintourneselo.jpg","datePublished":"2021-03-15T08:15:24+00:00","dateModified":"2023-06-21T14:23:52+00:00","description":"A pain de Loup : boulangerie Bio artisanale \u00e0 Belley, gamme de pains au levain naturel, viennoiseries et biscuits v\u00e9gans, \u00e9picerie vrac.","breadcrumb":{"@id":"https:\/\/apaindeloup.fr\/index.php\/boulangerie-bio-belley-pains-vegan-vrac\/#breadcrumb"},"inLanguage":"fr-FR","potentialAction":[{"@type":"ReadAction","target":["https:\/\/apaindeloup.fr\/index.php\/boulangerie-bio-belley-pains-vegan-vrac\/"]}]},{"@type":"ImageObject","inLanguage":"fr-FR","@id":"https:\/\/apaindeloup.fr\/index.php\/boulangerie-bio-belley-pains-vegan-vrac\/#primaryimage","url":"https:\/\/apaindeloup.fr\/wp-content\/uploads\/2023\/02\/laintourneselo.jpg","contentUrl":"https:\/\/apaindeloup.fr\/wp-content\/uploads\/2023\/02\/laintourneselo.jpg","width":400,"height":400},{"@type":"BreadcrumbList","@id":"https:\/\/apaindeloup.fr\/index.php\/boulangerie-bio-belley-pains-vegan-vrac\/#breadcrumb","itemListElement":[{"@type":"ListItem","position":1,"name":"Accueil","item":"https:\/\/apaindeloup.fr\/"},{"@type":"ListItem","position":2,"name":"Pains &#038; Compagnie"}]},{"@type":"WebSite","@id":"https:\/\/apaindeloup.fr\/#website","url":"https:\/\/apaindeloup.fr\/","name":"A pain de Loup","description":"pain au levain sauvage","potentialAction":[{"@type":"SearchAction","target":{"@type":"EntryPoint","urlTemplate":"https:\/\/apaindeloup.fr\/?s={search_term_string}"},"query-input":{"@type":"PropertyValueSpecification","valueRequired":true,"valueName":"search_term_string"}}],"inLanguage":"fr-FR"}]}},"_links":{"self":[{"href":"https:\/\/apaindeloup.fr\/index.php\/wp-json\/wp\/v2\/pages\/9","targetHints":{"allow":["GET"]}}],"collection":[{"href":"https:\/\/apaindeloup.fr\/index.php\/wp-json\/wp\/v2\/pages"}],"about":[{"href":"https:\/\/apaindeloup.fr\/index.php\/wp-json\/wp\/v2\/types\/page"}],"author":[{"embeddable":true,"href":"https:\/\/apaindeloup.fr\/index.php\/wp-json\/wp\/v2\/users\/1"}],"replies":[{"embeddable":true,"href":"https:\/\/apaindeloup.fr\/index.php\/wp-json\/wp\/v2\/comments?post=9"}],"version-history":[{"count":52,"href":"https:\/\/apaindeloup.fr\/index.php\/wp-json\/wp\/v2\/pages\/9\/revisions"}],"predecessor-version":[{"id":2138,"href":"https:\/\/apaindeloup.fr\/index.php\/wp-json\/wp\/v2\/pages\/9\/revisions\/2138"}],"wp:attachment":[{"href":"https:\/\/apaindeloup.fr\/index.php\/wp-json\/wp\/v2\/media?parent=9"}],"curies":[{"name":"wp","href":"https:\/\/api.w.org\/{rel}","templated":true}]}}